{"id":1863,"date":"2018-06-19T14:32:52","date_gmt":"2018-06-19T12:32:52","guid":{"rendered":"https:\/\/www.moderatorenwerk.de\/jobs\/?page_id=1863"},"modified":"2025-06-23T20:50:02","modified_gmt":"2025-06-23T18:50:02","slug":"jobs-fuer-moderatoren-in-der-moderatorenwerk-jobboerse","status":"publish","type":"page","link":"https:\/\/www.moderatorenwerk.de\/jobs\/","title":{"rendered":"MODERATORENWERK-Jobb\u00f6rse"},"content":{"rendered":"<p><a data-id-d=\"1\" data-img-style=\"\"><img decoding=\"async\" src=\"https:\/\/www.moderatorenwerk.de\/jobs\/wp-content\/uploads\/2020\/03\/MW-Logo_original.svg\" height=\"68\" width=\"280\" alt=\"\" style=\"\" loading=\"lazy\"><\/img><\/a><\/p>\n<p style=\"text-align: center;\"><strong>Finde deinen <\/strong><strong>Moderations-Traumjob&nbsp;<\/strong><\/p>\n<p style=\"text-align: center;\">Jobs speziell f\u00fcr ModeratorInnen in der Moderatorenwerk-Jobb\u00f6rse<\/p>\n<p><span><img decoding=\"async\" alt=\"Moderator Jobs\" title=\"Moderator Jobs\" data-id=\"1150\" src=\"https:\/\/www.moderatorenwerk.de\/jobs\/wp-content\/uploads\/2020\/11\/Moderator-Jobs-1-2.png\" width=\"292\" height=\"40\" loading=\"lazy\"><\/span><\/p>\n<p style=\"text-align: center;\"><strong><strong>Finde deinen<\/strong><strong>Moderations-Traumjob<\/strong><\/strong><\/p>\n<p style=\"text-align: center;\">Jobs speziell f\u00fcr ModeratorInnen in der Moderatorenwerk-Jobb\u00f6rse&nbsp;<\/p>\n<h2 data-tve-custom-colour=\"98777568\" style=\"color: rgb(122, 184, 0); font-size: 55px; margin-top: 70px; margin-bottom: 10px;\"><strong>In der Jobb\u00f6rse kannst du&nbsp;<\/strong><strong>Moderationsjobs in folgenden Bereichen finden\u00b9:<\/strong><\/h2>\n<h2 data-tve-custom-colour=\"98777568\" style=\"font-size: 55px; margin-top: 70px; margin-bottom: 10px;\"><strong>Folgende Moderationsjobs kannst du in der Jobb\u00f6rse finden\u00b9:<\/strong><\/h2>\n<p><span><a href=\"https:\/\/www.moderatorenwerk.de\/wp-content\/uploads\/2020\/11\/webinar.svg\"><img decoding=\"async\" alt=\"\" data-id=\"10591\" data-init-width=\"512\" data-init-height=\"512\" title=\"webinar\" src=\"https:\/\/www.moderatorenwerk.de\/wp-content\/uploads\/2020\/11\/webinar.svg\" data-width=\"90\" data-height=\"90\" data-link-wrap=\"true\" style=\"aspect-ratio: auto 512 \/ 512;\" width=\"90\" height=\"90\" loading=\"lazy\"><\/a><\/span><\/p>\n<p style=\"\">Online-Seminare<\/p>\n<p><span><a href=\"https:\/\/www.moderatorenwerk.de\/wp-content\/uploads\/2020\/11\/interview.svg\"><img decoding=\"async\" alt=\"\" data-id=\"10592\" data-init-width=\"512\" data-init-height=\"512\" title=\"interview\" src=\"https:\/\/www.moderatorenwerk.de\/wp-content\/uploads\/2020\/11\/interview.svg\" data-width=\"90\" data-height=\"90\" data-link-wrap=\"true\" style=\"aspect-ratio: auto 512 \/ 512;\" width=\"90\" height=\"90\" loading=\"lazy\"><\/a><\/span><\/p>\n<p>Online-Kongresse<\/p>\n<p><span><a href=\"https:\/\/www.moderatorenwerk.de\/jobs\/wp-content\/uploads\/2025\/06\/online.svg\"><img decoding=\"async\" alt=\"\" data-id=\"15974\" data-init-width=\"512\" data-init-height=\"512\" title=\"online\" src=\"https:\/\/www.moderatorenwerk.de\/jobs\/wp-content\/uploads\/2025\/06\/online.svg\" data-width=\"90\" data-height=\"90\" data-link-wrap=\"true\" style=\"aspect-ratio: auto 512 \/ 512;\" width=\"90\" height=\"90\" loading=\"lazy\"><\/a><\/span><\/p>\n<p>Online-Meetings<\/p>\n<p><span><a href=\"https:\/\/www.moderatorenwerk.de\/jobs\/wp-content\/uploads\/2025\/06\/rec.svg\"><img decoding=\"async\" alt=\"\" data-id=\"15975\" data-init-width=\"512\" data-init-height=\"512\" title=\"rec\" src=\"https:\/\/www.moderatorenwerk.de\/jobs\/wp-content\/uploads\/2025\/06\/rec.svg\" data-width=\"90\" data-height=\"90\" data-link-wrap=\"true\" style=\"aspect-ratio: auto 512 \/ 512;\" width=\"90\" height=\"90\" loading=\"lazy\"><\/a><\/span><\/p>\n<p>Online-Video-Produktionen<\/p>\n<p style=\"\">Event<\/p>\n<p>TV<\/p>\n<p>Messe<\/p>\n<p>Video<\/p>\n<p style=\"\">Radio<\/p>\n<p>Gala<\/p>\n<p>Business<\/p>\n<p>Roadshow<\/p>\n<p style=\"text-align: center;\">1 = \u00c4nderungen vorbehalten. Jobangebote sind abh\u00e4ngig von der aktuellen Marktlage.<\/p>\n<h3 style=\"text-align: center;\"><\/h3>\n<h3 style=\"text-align: center;\">Und so sieht die Jobb\u00f6rse aus:<\/h3>\n<p><strong>Hast du Fragen?&nbsp;<\/strong>Ruf an unter 06221 6479104 oder schicke eine Mail an info@moderatorenwerk.de&nbsp;<span style=\"width: 100%;\"><img decoding=\"async\" alt=\"Jan_Doering\" style=\"\" src=\"https:\/\/www.moderatorenwerk.de\/jobs\/wp-content\/uploads\/2020\/11\/Jan_Doering_hoch-2.jpg\" title=\"Jan_Doering_hoch\" data-id=\"5146\" width=\"910\" height=\"1365\" loading=\"lazy\"><\/span><strong>Initiator der Jobb\u00f6rse &#8211; Jan Doering<\/strong><strong>Initiator der Jobb\u00f6rse &#8211; Jan Doering<\/strong><\/p>\n<p style=\"margin-bottom: 0px !important; padding-bottom: 0px !important;\">Wann immer ich mich mit (Nachwuchs-)Moderatoren unterhalte, kommt irgendwann die Frage auf, wie man denn an Jobs kommt.<\/p>\n<p style=\"margin-bottom: 0px !important; padding-bottom: 0px !important;\">Meine Antwort darauf meistens: Mit viel Marketing-Aufwand, Akquise-Techniken und einem guten Netzwerk.Viele Moderatoren haben aber nicht das Know-how und\/oder die Zeit, um ausreichend Jobs zu finden. Deshalb habe ich die Moderatorenwerk-Jobb\u00f6rse ins Leben gerufen: Eine zentrale <strong>Plattform speziell f\u00fcr ModeratorInnen<\/strong> mit jeder Menge aktueller Moderationsjobs, Stichwort- und Umkreissuche, individuellen E-Mail-Benachrichtigungen bei neuen Jobs und der M\u00f6glichkeit, ein eigenes Profil zu erstellen.So erh\u00e4ltst du regelm\u00e4\u00dfig f\u00fcr dich passende Moderations-Jobs und hast die Chance, dir deinen pers\u00f6nlichen Moderations-Traumjob zu angeln.<\/p>\n<p><strong>Die Moderatorenwerk-Jobb\u00f6rse<\/strong><strong>Die MODERATORENWERK-Jobb\u00f6rse<\/strong>\u201cGerade jetzt in der Krise gibt es eine Menge Moderationsjobs. Man muss nur wissen, wo man sie findet. In der Moderatorenwerk-Jobb\u00f6rse findest du sie alle gesammelt an einem Ort.\u201dJan Doering, Gr\u00fcnder des Moderatorenwerks<strong>Noch Fragen?&nbsp;<\/strong>Ruf an unter 06221 6479104 oder schicke eine Mail an info@moderatorenwerk.de&nbsp;<\/p>\n<h2 data-tve-custom-colour=\"98777568\" style=\"color: rgb(122, 184, 0); font-size: 55px; margin-top: 70px; margin-bottom: 10px; text-align: center;\"><strong>Die Funktionen der Jobb\u00f6rse<\/strong><\/h2>\n<h2 data-tve-custom-colour=\"98777568\" style=\"color: rgb(122, 184, 0); font-size: 55px; margin-top: 70px; margin-bottom: 10px; text-align: center;\"><strong>Die Funktionen der Jobb\u00f6rse<\/strong><\/h2>\n<p><span><img decoding=\"async\" data-tve-custom-colour=\"603784\" src=\"https:\/\/www.moderatorenwerk.de\/jobs\/wp-content\/uploads\/2020\/11\/icon-2.png\" style=\"border-width: 1px; padding: 14px !important;\" width=\"114\" height=\"114\" loading=\"lazy\"><\/span><strong>Stichwort- und Umkreissuche<\/strong><\/p>\n<p style=\"color: rgb(51, 51, 51); font-size: 18px; margin-top: 35px; margin-bottom: 20px;\">Finde passende Jobs per Stichwort- und Umkreissuche. Suche nach Jobart, Kategorie, Stichworten, Einsatzort und definiere einen Radius f\u00fcr die Umkreissuche. So findest du den Job, der zu 100% zu deinen Vorlieben passt.<\/p>\n<p><span><img decoding=\"async\" src=\"https:\/\/www.moderatorenwerk.de\/jobs\/wp-content\/uploads\/2020\/11\/Seminar-2.png\" style=\"border-width: 1px; padding: 14px !important;\" width=\"144\" height=\"144\" loading=\"lazy\"><\/span><strong>E-Mail Benachrichtigungen<\/strong><\/p>\n<p style=\"color: rgb(51, 51, 51); font-size: 18px; margin-top: 35px; margin-bottom: 20px;\"><span><\/span>Lass dich regelm\u00e4\u00dfig bei neuen Jobs per E-Mail benachrichtigen. Du kannst deine Suchkriterien sowie die H\u00e4ufigkeit der E-Mails individuell einstellen. Damit bleibst du automatisch auf dem neuesten Stand.<\/p>\n<p><span><img decoding=\"async\" data-tve-custom-colour=\"80053869\" src=\"https:\/\/www.moderatorenwerk.de\/jobs\/wp-content\/uploads\/2020\/11\/Hand-Out-2-2.png\" style=\"border-width: 1px; padding: 14px !important;\" width=\"144\" height=\"144\" loading=\"lazy\"><\/span><strong>Eigenes Profil&nbsp;<\/strong><\/p>\n<p style=\"color: rgb(51, 51, 51); font-size: 18px; margin-top: 35px; margin-bottom: 20px;\"><span><\/span>Im Professional-Paket kannst du dir auch ein eigenes \u00f6ffentliches Profil erstellen, das du an potenzielle Auftraggeber mit einem Klick versenden kannst. So hast du noch mehr Reichweite.<\/p>\n<h2 data-tve-custom-colour=\"98777568\" style=\"color: rgb(122, 184, 0); font-size: 55px; margin-top: 70px; margin-bottom: 10px;\"><strong>Das sagen die Nutzer der Moderatorenwerk-Jobb\u00f6rse<\/strong><\/h2>\n<h2 data-tve-custom-colour=\"98777568\" style=\"color: rgb(122, 184, 0); font-size: 55px; margin-top: 70px; margin-bottom: 10px;\"><strong>Das sagen die Nutzer der MODERATORENWERK-Jobb\u00f6rse<\/strong><\/h2>\n<p><span><img decoding=\"async\" alt=\"Olly Hahn\" title=\"Olly-Hahn\" data-id=\"1212\" src=\"https:\/\/www.moderatorenwerk.de\/jobs\/wp-content\/uploads\/2020\/11\/Olly-Hahn-98-2.png\" data-width=\"98\" data-height=\"98\" data-init-width=\"98\" data-init-height=\"98\" width=\"98\" height=\"98\" style=\"aspect-ratio: auto 98 \/ 98;\" loading=\"lazy\"><\/span><strong>Olly Hahn<\/strong><strong>Journalist und Moderator<\/strong><\/p>\n<p style=\"text-align: center;\">Jobb\u00f6rse? Mehr gute Jobs in einem Monat, als von mancher Agentur im ganzen Jahr!<\/p>\n<p><span><img decoding=\"async\" alt=\"Jennifer Boone klein\" title=\"Jennifer Boone klein\" data-id=\"4991\" src=\"https:\/\/www.moderatorenwerk.de\/jobs\/wp-content\/uploads\/2020\/11\/Jennifer-Boone-klein-2.jpg\" ml-d=\"0\" center-h-d=\"false\" data-width=\"98\" data-height=\"86\" data-init-width=\"150\" data-init-height=\"131\" style=\"aspect-ratio: auto 150 \/ 131;\" width=\"98\" height=\"86\" loading=\"lazy\"><\/span><strong>Jennifer Sarah Boone<\/strong><strong>Moderatorin und Sprecherin<\/strong><\/p>\n<p style=\"text-align: center;\">Seit Anfang des Jahres bin ich bei der Moderatorenwerk-Jobb\u00f6rse registriert und hatte nun schon meinen dritten gro\u00dfen Moderationsjob. Ich kenne keine Seite auf der es so viele Moderatoren Jobs zu finden gibt. F\u00fcr mich ein echter Gl\u00fccksgriff!<\/p>\n<p><span><img decoding=\"async\" alt=\"tina tansek\" title=\"tina tansek\" data-id=\"4420\" src=\"https:\/\/www.moderatorenwerk.de\/jobs\/wp-content\/uploads\/2020\/11\/tina-tansek-2.jpg\" width=\"98\" height=\"98\" loading=\"lazy\"><\/span><strong>Tina Tan<\/strong><strong>\u0161ek<\/strong><strong>Moderatorin und Galileo-Reporterin<\/strong><\/p>\n<p style=\"text-align: center;\">Dank der Jobb\u00f6rse des Moderatorenwerks durfte ich die Jubil\u00e4umsfeier des bwlv in Karlsruhe moderieren. Danke an Jan und sein ganzes Team f\u00fcr diese wunderbare Erfahrung<\/p>\n<p><strong>100%-<\/strong>Geld-zur\u00fcck-Garantie<\/p>\n<p>Ich bin so \u00fcberzeugt von der Moderatorenwerk-Jobb\u00f6rse und der Qualit\u00e4t der Jobb\u00f6rse, dass ich <strong>eine 100%-Geld-zur\u00fcck-Garantie gebe. <\/strong>Solltest du mit der Moderatorenwerk-Jobb\u00f6rse nicht zu 100% zufrieden sein und uns das in den ersten 30 Tagen nach Kauf mitteilen, entstehen dir <strong>keine weiteren Kosten und du erh\u00e4ltst zu 100% dein Geld zur\u00fcck<\/strong> \u2013 ohne wenn und aber. Darauf kannst du dich verlassen und daf\u00fcr stehe ich mit meinem Wort.<\/p>\n<h2 data-tve-custom-colour=\"98777568\" style=\"\"><strong>Was kostet die Moderatorenwerk-Jobb\u00f6rse?<\/strong><\/h2>\n<h2 data-tve-custom-colour=\"98777568\" style=\"color: rgb(122, 184, 0); font-size: 55px; margin-top: 70px; margin-bottom: 10px;\"><strong>Was kostet die MODERATORENWERK Jobb\u00f6rse<\/strong><\/h2>\n<p style=\"text-align: center;\">Genau <strong>diese Frage habe ich mir auch gestellt<\/strong>, als ich die Moderatorenwerk-Jobb\u00f6rse ins Leben gerufen habe. Und dann habe ich mich gefragt, was so ein Traumjob als ModeratorIn eigentlich wert ist. In Zahlen kann ich das ausdr\u00fccken: In der Regel d\u00fcrfte dir <strong>ein freier Job etwa \u20ac 500,- bis \u20ac 10.000,- einbringen<\/strong>&nbsp;(je nach Tagessatz und Anzahl der Buchungstage) und eine Festanstellung j\u00e4hrlich einen&nbsp;<strong>mittleren 5-stelligen Betrag.<\/strong><\/p>\n<p style=\"text-align: center;\">Was ich aber nicht einsch\u00e4tzen konnte, war&nbsp;<strong>der emotionale Wert eines solchen Jobs.<\/strong>&nbsp;Wie viel ist es dir wert, auf einer gro\u00dfen B\u00fchne von hunderten oder gar tausenden Menschen zu moderieren? Wie gerne w\u00fcrdest du endlich deine Leidenschaft leben und als TV-, Radio- oder Event-ModeratorIn arbeiten?Die Frage, die du dir stellen musst, ist deshalb die folgende:<strong>&nbsp;Was w\u00fcrdest du f\u00fcr das Jobangebot zahlen, von dem du schon immer getr\u00e4umt hast?<\/strong>&nbsp;<strong>Und was w\u00fcrdest du am Ende damit verdienen k\u00f6nnen?&nbsp;<\/strong>Wenn man all das mit einberechnet, bin ich mir sicher, dass sich die Jobb\u00f6rse f\u00fcr&nbsp;<strong>einige selbst dann lohnen w\u00fcrde, wenn sie j\u00e4hrlich 1.000,- oder noch mehr kosten w\u00fcrde.<\/strong> Doch die Moderatoren-Jobb\u00f6rse ist deutlich g\u00fcnstiger &#8230;<\/p>\n<p><a href=\"#\"><span data-gtm-vis-has-fired-6014245_38=\"1\" data-gtm-vis-has-fired6014245_38=\"1\"><span style=\"\" data-gtm-vis-has-fired-6014245_37=\"1\" data-gtm-vis-has-fired6014245_37=\"1\">12 Monate (copy)<\/span><\/span><\/a><a href=\"#\"><span style=\"\"><span style=\"\" data-gtm-vis-has-fired6014245_37=\"1\">Yearly<\/span><\/span><\/a><\/p>\n<h5><strong>Laufzeit: 1 Monat<\/strong><\/h5>\n<p style=\"\">\u20ac&nbsp;<\/p>\n<p style=\"\">39,-<\/p>\n<p>\/Monat*<\/p>\n<p style=\"\">zzgl. Mwst.<\/p>\n<p style=\"\"><strong>Moderationsjobs in folgenden Bereichen:<\/strong><\/p>\n<ul>\n<li><span style=\"\">Online-Seminare<\/span><\/li>\n<li><span style=\"\">Online-Kongresse<\/span><\/li>\n<li><span style=\"\">Online-Meetings<\/span><\/li>\n<li><span style=\"\">Online-Videoproduktionen<\/span><\/li>\n<li><span style=\"\">Event<\/span><\/li>\n<li><span style=\"\">Radio<\/span><\/li>\n<li><span style=\"\">TV<\/span><\/li>\n<\/ul>\n<h5><strong>Laufzeit:&nbsp;<\/strong><strong>6 Monate<\/strong><\/h5>\n<p style=\"\">\u20ac<\/p>\n<p style=\"\">23,-&nbsp;<\/p>\n<p style=\"\">\n<p style=\"\">\/Monat*<\/p>\n<p style=\"\">zzgl. Mwst.<\/p>\n<p style=\"text-align: center;\"><strong>Moderationsjobs in folgenden Bereichen:<\/strong><\/p>\n<ul>\n<li><span style=\"\">Online-Seminare<\/span><\/li>\n<li><span style=\"\">Online-Kongresse<\/span><\/li>\n<li><span style=\"\">Online-Meetings<\/span><\/li>\n<li><span style=\"\">Online-Videoproduktionen<\/span><\/li>\n<li><span style=\"\">Event<\/span><\/li>\n<li><span style=\"\">Radio<\/span><\/li>\n<li><span style=\"\">TV<\/span><\/li>\n<\/ul>\n<h5><strong>Laufzeit:&nbsp;<\/strong><strong>12 Monate<\/strong><\/h5>\n<p style=\"\">\u20ac<\/p>\n<p>19,-<\/p>\n<p style=\"\">\n<p style=\"\">\/Monat*<\/p>\n<p style=\"\">zzgl. Mwst.<\/p>\n<p style=\"text-align: center;\"><strong>Moderationsjobs in folgenden Bereichen:<\/strong><\/p>\n<ul>\n<li><span style=\"\">Online-Seminare<\/span><\/li>\n<li><span style=\"\">Online-Kongresse<\/span><\/li>\n<li><span style=\"\">Online-Meetings<\/span><\/li>\n<li><span style=\"\">Online-Videoproduktionen<\/span><\/li>\n<li><span style=\"\">Event<\/span><\/li>\n<li><span style=\"\">Radio<\/span><\/li>\n<li><span style=\"\">TV<\/span><\/li>\n<\/ul>\n<p style=\"text-align: center;\"><span>* Risikofrei 30 Tage lang testen: Innerhalb der ersten 30 Tage jederzeit k\u00fcndbar, <\/span><span>danach Laufzeit von 1\/6\/12 Monaten mit Verl\u00e4ngerung um einen<\/span><span>&nbsp;Monat, falls nicht gek\u00fcndigt.<\/span><\/p>\n<h2 data-tve-custom-colour=\"98777568\" style=\"color: rgb(122, 184, 0); font-size: 55px; margin-top: 70px; margin-bottom: 10px; text-align: center;\"><strong>Fragen und Antworten&nbsp;<\/strong><\/h2>\n<p><span><\/span><\/p>\n<h4>Habt ihr auch in der Corona-Krise noch Jobs?<\/h4>\n<p>In den ersten Wochen der Corona-Krise hatten wir tats\u00e4chlich Probleme, an Moderationsjobs zu kommen. Inzwischen haben wir unsere Akquise-Prozesse auf digitale Moderationen umgestellt. Schon wenige Wochen nach der Krise hatten wir erste Moderationen von digitalen Events im Angebot. Inzwischen funktioniert unsere Akquise von digitalen Moderationen so gut, dass wir mehr Auftragsjobs als vor der Krise haben.<\/p>\n<p><span><\/span><\/p>\n<h4 style=\"\">Ich bin langj\u00e4hriger Moderationsprofi. Bringt mir die Jobb\u00f6rse \u00fcberhaupt etwas?<\/h4>\n<p>Wir werden daf\u00fcr sorgen, dass es in der MODERATORENWERK-Jobb\u00f6rse sowohl Einsteigerjobs als auch Jobs f\u00fcr Fortgeschrittene und Profis gibt. Mit Sicherheit werden deshalb auch Jobs dabei sein, die f\u00fcr dich als Profi relevant sind.Mein Tipp: Teste die Jobb\u00f6rse risikofrei 30 Tage lang und entscheide dann, ob die Jobs f\u00fcr dich relevant sind oder nicht.<\/p>\n<\/p>\n<p><span><\/span><\/p>\n<h4 style=\"\">Woher bekommt ihr die Jobs?<\/h4>\n<p>Die Jobs kommen aus unserem Netzwerk mit Veranstaltern, Produzenten und Agenturen, das wir uns \u00fcber die Jahre aufgebaut haben. Au\u00dferdem erreichen uns mehrmals w\u00f6chentlich Anfragen, ob wir Jobangebote posten k\u00f6nnen. Dar\u00fcber hinaus screenen wir den kompletten deutschen Moderatorenmarkt und suchen aktiv nach Jobs. So hast du in der Moderatorenwerk-Jobb\u00f6rse einen \u00dcberblick \u00fcber den gesamten Moderatorenmarkt mit teilweise exklusiven Moderationsjobs, die es nur bei uns gibt.<\/p>\n<\/p>\n<p><span><\/span><\/p>\n<h4 style=\"\">Was muss ich tun, wenn ich die Jobb\u00f6rse nach 30 Tagen nicht mehr nutzen m\u00f6chte?<\/h4>\n<p>Wenn du nach 30 Tagen entscheidest, dass du die Jobb\u00f6rse nicht mehr weiternutzen m\u00f6chtest, schick uns einfach eine kurze, formlose E-Mail an support@moderatorenwerk.de. Dann erh\u00e4ltst du dein Geld zur\u00fcck und es entstehen dir keine weiteren Kosten.<\/p>\n<p><span><\/span><\/p>\n<h4 style=\"\">Gibt es in der Jobb\u00f6rse auch Jobs in \u00d6sterreich und der Schweiz?<\/h4>\n<p>Nein, wir konzentrieren uns nur auf Jobangebote innerhalb Deutschlands, da wir auch nur hier die entsprechenden Kontakte und das Netzwerk haben.<\/p>\n<p><span><\/span><\/p>\n<h4 style=\"\">Wie erhalte ich die Zugangsdaten zur Jobb\u00f6rse?<\/h4>\n<p>Du erh\u00e4ltst die Zugangsdaten nach erfolgreichem Kauf von uns per E-Mail zugesandt und kannst dich anschlie\u00dfend direkt einloggen.<\/p>\n<p><span><\/span><\/p>\n<h4 style=\"\">Ich bin absoluter Beginner. Ist die Jobb\u00f6rse nicht eher etwas f\u00fcr Fortgeschrittene und Profis?&nbsp;<\/h4>\n<p>Selbstverst\u00e4ndlich haben wir in der Jobb\u00f6rse viele Jobs f\u00fcr Fortgeschrittene und Profis. Gleichzeitig haben wir auch einen hohen Anteil an Beginnerjobs. Deshalb kann es gerade f\u00fcr dich als Anf\u00e4nger hilfreich sein, die Jobb\u00f6rse zu nutzen. Denn mit ihr findest du vielleicht deinen ersten bezahlten Moderationsjob \u2013 und das kann der Start in eine erfolgreiche Moderationskarriere sein.Mein Tipp: Teste die Jobb\u00f6rse risikofrei 30 Tage lang f\u00fcr 1 Euro und entscheide dann, ob die Jobs f\u00fcr dich relevant sind oder nicht.<\/p>\n<p><span><\/span><\/p>\n<h4 style=\"\">Ich habe weitere Fragen. An wen kann ich mich wenden?<\/h4>\n<p>Verwende einfach das Chat-Tool unten rechts oder schick uns eine Mail an support@moderatorenwerk.de<\/p>\n<p><span><\/span><\/p>\n<h4 style=\"\">Wie kann ich die jeweiligen Pakete bezahlen \/ Welche Zahlm\u00f6glichkeiten bietet ihr an?<\/h4>\n<p>Du kannst die Jobb\u00f6rse per <strong>Paypal, Visa oder Mastercard<\/strong> bezahlen.Bei allen Bezahlarten entstehen dir <span>keine <\/span><span>weiteren Zusatzkosten.<\/span><span><\/span><span>Die Zahlung l\u00e4uft \u00fcber unseren Zahlungsdienstleister digistore24.<\/span><\/p>\n<\/p>\n<p style=\"text-align: center;\">Credits: Grafik 100%-Geld-zur\u00fcck-Garantie: pico Patrick M. Pelz\/Fotolia, Foto Jan Doering: Michael Krug, Foto Olly Hahn: Ellen Schmauss, Foto Svenja Supper: Sonja Kerkhoff<\/p>\n","protected":false},"excerpt":{"rendered":"<p>Finde deinen Moderations-Traumjob&nbsp; Jobs speziell f\u00fcr ModeratorInnen in der Moderatorenwerk-Jobb\u00f6rse Finde deinenModerations-Traumjob Jobs speziell f\u00fcr ModeratorInnen in der Moderatorenwerk-Jobb\u00f6rse&nbsp; In der Jobb\u00f6rse kannst du&nbsp;Moderationsjobs in folgenden Bereichen finden\u00b9: Folgende Moderationsjobs kannst du in der Jobb\u00f6rse finden\u00b9: Online-Seminare Online-Kongresse Online-Meetings Online-Video-Produktionen Event TV Messe Video Radio Gala Business Roadshow 1 = \u00c4nderungen vorbehalten. Jobangebote sind abh\u00e4ngig [&hellip;]<\/p>\n","protected":false},"author":1,"featured_media":4358,"parent":0,"menu_order":0,"comment_status":"closed","ping_status":"closed","template":"","meta":{"footnotes":""},"class_list":["post-1863","page","type-page","status-publish","has-post-thumbnail","hentry"],"_links":{"self":[{"href":"https:\/\/www.moderatorenwerk.de\/jobs\/wp-json\/wp\/v2\/pages\/1863","targetHints":{"allow":["GET"]}}],"collection":[{"href":"https:\/\/www.moderatorenwerk.de\/jobs\/wp-json\/wp\/v2\/pages"}],"about":[{"href":"https:\/\/www.moderatorenwerk.de\/jobs\/wp-json\/wp\/v2\/types\/page"}],"author":[{"embeddable":true,"href":"https:\/\/www.moderatorenwerk.de\/jobs\/wp-json\/wp\/v2\/users\/1"}],"replies":[{"embeddable":true,"href":"https:\/\/www.moderatorenwerk.de\/jobs\/wp-json\/wp\/v2\/comments?post=1863"}],"version-history":[{"count":152,"href":"https:\/\/www.moderatorenwerk.de\/jobs\/wp-json\/wp\/v2\/pages\/1863\/revisions"}],"predecessor-version":[{"id":15976,"href":"https:\/\/www.moderatorenwerk.de\/jobs\/wp-json\/wp\/v2\/pages\/1863\/revisions\/15976"}],"wp:featuredmedia":[{"embeddable":true,"href":"https:\/\/www.moderatorenwerk.de\/jobs\/wp-json\/wp\/v2\/media\/4358"}],"wp:attachment":[{"href":"https:\/\/www.moderatorenwerk.de\/jobs\/wp-json\/wp\/v2\/media?parent=1863"}],"curies":[{"name":"wp","href":"https:\/\/api.w.org\/{rel}","templated":true}]}}