{"id":13,"date":"2018-04-12T16:29:57","date_gmt":"2018-04-12T14:29:57","guid":{"rendered":"https:\/\/www.moderatorenwerk.de\/jobs\/?page_id=13"},"modified":"2022-06-02T17:13:14","modified_gmt":"2022-06-02T15:13:14","slug":"job-inserieren","status":"publish","type":"page","link":"https:\/\/www.moderatorenwerk.de\/jobs\/job-inserieren\/","title":{"rendered":"Job inserieren"},"content":{"rendered":"\n<p>Du suchst einen Moderatoren oder eine Moderatorin? Dann stell dein Jobangebot doch direkt hier ein. Wir ver\u00f6ffentlichen dieses gerne in unserer Jobb\u00f6rse speziell f\u00fcr ModeratorInnen.<\/p>\n\n\n<form action=\"\/jobs\/wp-json\/wp\/v2\/pages\/13\" method=\"post\" id=\"submit-job-form\" class=\"job-manager-form\" enctype=\"multipart\/form-data\">\n\n\t\n\t\n\t\n\t\t\t<fieldset class=\"fieldset-login_required\">\n\t\t<label>Bereits einen Account?<\/label>\n\t\t<div class=\"field account-sign-in\">\n\t\t\t<a class=\"button\" href=\"https:\/\/www.moderatorenwerk.de\/jobs\/wp-login.php?redirect_to=https%3A%2F%2Fwww.moderatorenwerk.de%2Fjobs%2Fjob-inserieren%2F\">Anmelden<\/a>\n\n\t\t\t\t\t<\/div>\n\t<\/fieldset>\n\t\n\t\n\t\n\t\t<!-- Job Information Fields -->\n\t\t\n\t\t\t\t\t<fieldset class=\"fieldset-job_title fieldset-type-text\">\n\t\t\t\t<label for=\"job_title\">Job Titel<\/label>\n\t\t\t\t<div class=\"field required-field\">\n\t\t\t\t\t<input type=\"text\" class=\"jmfe-text-field jmfe-input-text input-text text-job_title\" name=\"job_title\" id=\"job_title\" title=\"\"  placeholder=\"\" value=\"\"  required \/>\n\t\t\t\t<\/div>\n\t\t\t<\/fieldset>\n\t\t\t\t\t<fieldset class=\"fieldset-job_location fieldset-type-text\">\n\t\t\t\t<label for=\"job_location\">Arbeitsort <small>(optional)<\/small><\/label>\n\t\t\t\t<div class=\"field \">\n\t\t\t\t\t<input type=\"text\" class=\"jmfe-text-field jmfe-input-text input-text text-job_location\" name=\"job_location\" id=\"job_location\" title=\"\"  placeholder=\"z.B. &quot;Berlin&quot;\" value=\"\"   \/>\n<small class=\"description text-job_location-description\">Lasse dieses Feld leer, wenn der Ort nicht wichtig ist<\/small>\t\t\t\t<\/div>\n\t\t\t<\/fieldset>\n\t\t\t\t\t<fieldset class=\"fieldset-job_type fieldset-type-term-multiselect\">\n\t\t\t\t<label for=\"job_type\">Job Art<\/label>\n\t\t\t\t<div class=\"field required-field\">\n\t\t\t\t\t<select name='job_type[]' id='job_type' class=' jmfe-required-select2 jmfe-add-required-attr jmfe-select2-select-field job-manager-category-dropdown' multiple='multiple' data-placeholder='W\u00e4hle eine Jobart&hellip;' data-no_results_text='Keine passenden Ergebnisse' data-multiple_text='Optionen ausw\u00e4hlen'>\n\t<option class=\"level-0\" value=\"29\">Festanstellung<\/option>\n\t<option class=\"level-0\" value=\"28\">Freier Job<\/option>\n<\/select>\n\t\t\t\t<\/div>\n\t\t\t<\/fieldset>\n\t\t\t\t\t<fieldset class=\"fieldset-job_category fieldset-type-term-multiselect\">\n\t\t\t\t<label for=\"job_category\">Stellenkategorie<\/label>\n\t\t\t\t<div class=\"field required-field\">\n\t\t\t\t\t<select name='job_category[]' id='job_category' class=' jmfe-required-select2 jmfe-add-required-attr jmfe-select2-select-field job-manager-category-dropdown' multiple='multiple' data-placeholder='W\u00e4hle eine Kategorie&hellip;' data-no_results_text='Keine passenden Ergebnisse' data-multiple_text='Optionen ausw\u00e4hlen'>\n\t<option class=\"level-0\" value=\"40\">Eventmoderation<\/option>\n\t<option class=\"level-0\" value=\"49\">Galamoderation<\/option>\n\t<option class=\"level-0\" value=\"490\">Konferenzmoderation<\/option>\n\t<option class=\"level-0\" value=\"39\">Kongressmoderation<\/option>\n\t<option class=\"level-0\" value=\"367\">Lehrt\u00e4tigkeit<\/option>\n\t<option class=\"level-0\" value=\"36\">Messemoderation<\/option>\n\t<option class=\"level-0\" value=\"706\">Nachrichtenredaktion<\/option>\n\t<option class=\"level-0\" value=\"1179\">Online Moderation<\/option>\n\t<option class=\"level-0\" value=\"485\">Podcast<\/option>\n\t<option class=\"level-0\" value=\"66\">Podiumsdiskussion<\/option>\n\t<option class=\"level-0\" value=\"1234\">Produktmoderation<\/option>\n\t<option class=\"level-0\" value=\"67\">Promotionmoderation<\/option>\n\t<option class=\"level-0\" value=\"61\">Radio-Reporter<\/option>\n\t<option class=\"level-0\" value=\"50\">Radio-Volontariat<\/option>\n\t<option class=\"level-0\" value=\"41\">Radiomoderation<\/option>\n\t<option class=\"level-0\" value=\"707\">Redaktion<\/option>\n\t<option class=\"level-0\" value=\"399\">Reporter<\/option>\n\t<option class=\"level-0\" value=\"37\">TV-Moderation<\/option>\n\t<option class=\"level-0\" value=\"62\">TV-Reporter<\/option>\n\t<option class=\"level-0\" value=\"63\">TV-Volontariat<\/option>\n\t<option class=\"level-0\" value=\"351\">Verkaufsmoderation<\/option>\n\t<option class=\"level-0\" value=\"38\">Videomoderation<\/option>\n\t<option class=\"level-0\" value=\"447\">Workshopmoderation<\/option>\n<\/select>\n\t\t\t\t<\/div>\n\t\t\t<\/fieldset>\n\t\t\t\t\t<fieldset class=\"fieldset-job_description fieldset-type-wp-editor\">\n\t\t\t\t<label for=\"job_description\">Beschreibung<\/label>\n\t\t\t\t<div class=\"field required-field\">\n\t\t\t\t\t<div id=\"wp-job_description-wrap\" class=\"wp-core-ui wp-editor-wrap tmce-active\"><link rel='stylesheet' id='dashicons-css' href='https:\/\/www.moderatorenwerk.de\/jobs\/wp-includes\/css\/dashicons.min.css?ver=6.8.5' type='text\/css' media='all' \/>\n<link rel='stylesheet' id='editor-buttons-css' href='https:\/\/www.moderatorenwerk.de\/jobs\/wp-includes\/css\/editor.min.css?ver=6.8.5' type='text\/css' media='all' \/>\n<div id=\"wp-job_description-editor-container\" class=\"wp-editor-container\"><textarea class=\"jmfe-add-required-attr jmfe-wp-editor wp-editor-area\" rows=\"8\" autocomplete=\"off\" cols=\"40\" name=\"job_description\" id=\"job_description\"><\/textarea><\/div>\n<\/div>\n\n\t\t\t\t<\/div>\n\t\t\t<\/fieldset>\n\t\t\n\t\t\n\t\t<!-- Company Information Fields -->\n\t\t\n\t\t\n\t\t<p>\n\t\t\t<input type=\"hidden\" name=\"job_manager_form\" value=\"submit-job\" \/>\n\t\t\t<input type=\"hidden\" name=\"job_id\" value=\"0\" \/>\n\t\t\t<input type=\"hidden\" name=\"step\" value=\"0\" \/>\n\t\t\t<input type=\"submit\" name=\"submit_job\" class=\"button\"\n    \t\t value=\"Vorschau \u2192\" \/>\n\t\t\t\t\t\t<span class=\"spinner\" style=\"background-image: url(https:\/\/www.moderatorenwerk.de\/jobs\/wp-includes\/images\/spinner.gif);\"><\/span>\n\t\t<\/p>\n\n\t<\/form>\n\n\n\n<div><em>Datenschutzhinweis: Nach Absenden und Freischaltung wird das Jobangebot im Web ver\u00f6ffentlicht. Alle eingegebenen Informationen sind dann \u00f6ffentlich verf\u00fcgbar und k\u00f6nnen auch von Suchmaschinen erfasst werden. Weitere Informationen zur Datenverarbeitung findest du in unseren <a href=\"https:\/\/www.moderatorenwerk.de\/jobs\/datenschutzhinweise\">Datenschutzhinweisen<\/a>.<\/em><\/div>","protected":false},"excerpt":{"rendered":"<p>Du suchst einen Moderatoren oder eine Moderatorin? Dann stell dein Jobangebot doch direkt hier ein. Wir ver\u00f6ffentlichen dieses gerne in unserer Jobb\u00f6rse speziell f\u00fcr ModeratorInnen. Datenschutzhinweis: Nach Absenden und Freischaltung wird das Jobangebot im Web ver\u00f6ffentlicht. Alle eingegebenen Informationen sind dann \u00f6ffentlich verf\u00fcgbar und k\u00f6nnen auch von Suchmaschinen erfasst werden. Weitere Informationen zur Datenverarbeitung findest [&hellip;]<\/p>\n","protected":false},"author":1,"featured_media":0,"parent":0,"menu_order":0,"comment_status":"closed","ping_status":"closed","template":"","meta":{"footnotes":""},"class_list":["post-13","page","type-page","status-publish","hentry"],"_links":{"self":[{"href":"https:\/\/www.moderatorenwerk.de\/jobs\/wp-json\/wp\/v2\/pages\/13","targetHints":{"allow":["GET"]}}],"collection":[{"href":"https:\/\/www.moderatorenwerk.de\/jobs\/wp-json\/wp\/v2\/pages"}],"about":[{"href":"https:\/\/www.moderatorenwerk.de\/jobs\/wp-json\/wp\/v2\/types\/page"}],"author":[{"embeddable":true,"href":"https:\/\/www.moderatorenwerk.de\/jobs\/wp-json\/wp\/v2\/users\/1"}],"replies":[{"embeddable":true,"href":"https:\/\/www.moderatorenwerk.de\/jobs\/wp-json\/wp\/v2\/comments?post=13"}],"version-history":[{"count":11,"href":"https:\/\/www.moderatorenwerk.de\/jobs\/wp-json\/wp\/v2\/pages\/13\/revisions"}],"predecessor-version":[{"id":8705,"href":"https:\/\/www.moderatorenwerk.de\/jobs\/wp-json\/wp\/v2\/pages\/13\/revisions\/8705"}],"wp:attachment":[{"href":"https:\/\/www.moderatorenwerk.de\/jobs\/wp-json\/wp\/v2\/media?parent=13"}],"curies":[{"name":"wp","href":"https:\/\/api.w.org\/{rel}","templated":true}]}}